{"id":1081,"date":"2023-10-24T12:42:07","date_gmt":"2023-10-24T12:42:07","guid":{"rendered":"https:\/\/www.sophisticated-living.lager-sales.de\/?page_id=1081"},"modified":"2025-09-16T08:54:26","modified_gmt":"2025-09-16T08:54:26","slug":"lernen-sie-uns-kennen","status":"publish","type":"page","link":"https:\/\/www.lager-sales.de\/index.php\/lernen-sie-uns-kennen\/","title":{"rendered":"Lernen Sie uns kennen!"},"content":{"rendered":"<div class=\"wp-block-jetpack-contact-form is-layout-flex wp-container-jetpack-contact-form-is-layout-b7ed9015 wp-block-jetpack-contact-form-is-layout-flex\"><a href=\"https:\/\/www.lager-sales.de\/index.php\/lernen-sie-uns-kennen\/\" target=\"_blank\" rel=\"noopener noreferrer\">Formular einreichen.<\/a><\/div>\n\n\n<p><strong><a data-type=\"link\" data-id=\"https:\/\/www.sophisticated-living.de\/\" href=\"https:\/\/www.sophisticated-living.de\/\">Sophisticated Living  GmbH<\/a><\/strong> &#8211; Lagerverkauf<\/p>\n\n\n\n<p>Ottostr. 4b <br>76227 Karlsruhe<br>Deutschland<\/p>\n\n\n\n<p>Telefon: +49 721 \/ 68 03 28 \u2013 0<br>Fax: +49 721 \/ 68 03 28 \u2013 28<\/p>\n\n\n\n<p>E-Mail: contact(at)sophisticated-living.de<\/p>\n\n\n\n<p>Gesch\u00e4ftsf\u00fchrer: Ralf H\u00fcllemann<\/p>\n\n\n\n<p>Inhaltlich verantwortlich gem\u00e4\u00df \u00a7 10 Absatz 3 MDStv: Ralf H\u00fcllemann<\/p>\n\n\n\n<p>Amtsgericht Mannheim HRB 704375<\/p>\n\n\n\n<p>USt.-ID-Nr. DE259443054<br>Steuernummer 35008\/10234<\/p>\n\n\n\n<p><\/p>\n\n\n\n<p><\/p>\n\n\n\n<p><strong><a href=\"https:\/\/www.human-touch-interiors.de\">Human Touch Interiors<\/a> &#8211; Beratung und Projekte<\/strong><\/p>\n\n\n\n<p>Feldbergstr. 3<br>76316 Malsch<br>Deutschland<\/p>\n\n\n\n<p>Telefon: + 49 177 \/ 645 08 93<\/p>\n\n\n\n<p>E-Mail: <a href=\"mailto:info@human-touch.org\">INFO (AT) HUMAN-TOUCH-INTERIORS.DE<\/a><\/p>\n\n\n\n<p><\/p>\n","protected":false},"excerpt":{"rendered":"<p>Sophisticated Living GmbH &#8211; Lagerverkauf Ottostr. 4b 76227 KarlsruheDeutschland Telefon: +49 721 \/ 68 03 28 \u2013 0Fax: +49 721 \/ 68 03 28 \u2013 28 E-Mail: contact(at)sophisticated-living.de Gesch\u00e4ftsf\u00fchrer: Ralf [&hellip;]<\/p>\n","protected":false},"author":1,"featured_media":0,"parent":0,"menu_order":0,"comment_status":"closed","ping_status":"closed","template":"","meta":{"inline_featured_image":false,"_sitemap_exclude":false,"_sitemap_priority":"","_sitemap_frequency":"","footnotes":""},"class_list":["post-1081","page","type-page","status-publish","hentry"],"jetpack_sharing_enabled":true,"_links":{"self":[{"href":"https:\/\/www.lager-sales.de\/index.php\/wp-json\/wp\/v2\/pages\/1081","targetHints":{"allow":["GET"]}}],"collection":[{"href":"https:\/\/www.lager-sales.de\/index.php\/wp-json\/wp\/v2\/pages"}],"about":[{"href":"https:\/\/www.lager-sales.de\/index.php\/wp-json\/wp\/v2\/types\/page"}],"author":[{"embeddable":true,"href":"https:\/\/www.lager-sales.de\/index.php\/wp-json\/wp\/v2\/users\/1"}],"replies":[{"embeddable":true,"href":"https:\/\/www.lager-sales.de\/index.php\/wp-json\/wp\/v2\/comments?post=1081"}],"version-history":[{"count":4,"href":"https:\/\/www.lager-sales.de\/index.php\/wp-json\/wp\/v2\/pages\/1081\/revisions"}],"predecessor-version":[{"id":1912,"href":"https:\/\/www.lager-sales.de\/index.php\/wp-json\/wp\/v2\/pages\/1081\/revisions\/1912"}],"wp:attachment":[{"href":"https:\/\/www.lager-sales.de\/index.php\/wp-json\/wp\/v2\/media?parent=1081"}],"curies":[{"name":"wp","href":"https:\/\/api.w.org\/{rel}","templated":true}]}}