{"id":1247,"date":"2023-11-20T10:38:59","date_gmt":"2023-11-20T10:38:59","guid":{"rendered":"https:\/\/www.sophisticated-living.lager-sales.de\/?page_id=1247"},"modified":"2023-11-20T15:14:40","modified_gmt":"2023-11-20T15:14:40","slug":"allgemeine-geschaeftsbedingungen-der","status":"publish","type":"page","link":"https:\/\/www.lager-sales.de\/index.php\/allgemeine-geschaeftsbedingungen-der\/","title":{"rendered":"Allgemeine Gesch\u00e4ftsbedingungen"},"content":{"rendered":"<div class=\"wp-block-image\">\n<figure class=\"aligncenter size-large is-resized\"><img decoding=\"async\" width=\"153\" height=\"28\" src=\"https:\/\/www.sophisticated-living.lager-sales.de\/wp-content\/uploads\/2023\/10\/Logo.svg\" alt=\"Sophisticated Living\" class=\"wp-image-1095\" style=\"width:333px;height:auto\"\/><\/figure>\n<\/div>\n\n\n<p class=\"has-text-align-center\" id=\"block-fb31bde4-84e9-4a3c-bbe8-df1375ca66de\">S o p h i s t i c a t e d       L i v i n g     G m b H<br>Amalienbadstra\u00dfe 41   7 6 2 2 7   K a r l s r u h e<\/p>\n\n\n\n<p id=\"block-b884402f-0f76-4752-b4de-6a7c507f7cfc\">nachfolgend kurz \u201eLieferant\u201c genannt zur Verwendung gegen\u00fcber Verbrauchern.<\/p>\n\n\n\n<p id=\"block-90c7030e-f734-4e29-9316-1faa3a9cc2fb\"><strong>I. Vertragsschluss<\/strong><\/p>\n\n\n\n<ol class=\"wp-block-list\" id=\"block-ad3870c0-54b7-498a-b4aa-35503daf1816\">\n<li>Der K\u00e4ufer ist bei nicht vorr\u00e4tiger Ware und bei einem finanzierten Kauf an die<br>Bestellung (Vertragsangebot) eine Woche gebunden.<\/li>\n\n\n\n<li>Mit Ablauf dieser Frist kommt der Vertrag zustande, wenn der Verk\u00e4ufer das Vertragsangebot nicht vorher schriftlich abgelehnt hat.<\/li>\n\n\n\n<li>Abweichend von Ziff. 2. kommt der Vertrag schon vor Ablauf der Dreiwochenfrist zustande, wenn<br>\uf0b7 der Vertrag beiderseits unterschrieben wird, oder<br>\uf0b7 der Verk\u00e4ufer schriftlich die Annahme der Bestellung (des Vertragsangebots)<br>erkl\u00e4rt oder<br>\uf0b7 der Verk\u00e4ufer Vorauszahlungen auf den Kaufpreis annimmt.<\/li>\n<\/ol>\n\n\n\n<p id=\"block-8e07d427-59df-46d7-a60e-d91881398d2d\"><strong>II. Preise<\/strong><\/p>\n\n\n\n<ol class=\"wp-block-list\" id=\"block-f7fbd4b6-a3ad-4f96-b9fa-49510fe6376e\">\n<li>Die Preise sind Festpreise einschlie\u00dflich gesetzlicher Mehrwertsteuer.<\/li>\n\n\n\n<li>Besondere, zus\u00e4tzlich vereinbarte Arbeiten, die nicht im Kaufpreis enthalten sind, wie<br>z. B. Dekorationsarbeiten, werden zus\u00e4tzlich in Rechnung gestellt und sp\u00e4testens bei \u00dcbergabe bzw. Abnahme zur Zahlung f\u00e4llig. Hierunter fallen u.a. auch vom Kunden gew\u00fcnschte Verblendungsarbeiten.<\/li>\n<\/ol>\n\n\n\n<p id=\"block-a931f19d-714d-4068-b4cc-e0cf88a9448c\"><strong>III. \u00c4nderungsvorbehalt<\/strong><\/p>\n\n\n\n<p id=\"block-07169816-2f83-4f4f-956b-392f87be8347\">\ufeff<\/p>\n\n\n\n<ol class=\"wp-block-list\" id=\"block-b8679c65-e956-4683-8379-55cac78f1bcb\">\n<li>Serienm\u00e4\u00dfig hergestellte M\u00f6bel werden nach Muster oder Abbildung verkauft.<\/li>\n\n\n\n<li>Es besteht kein Anspruch auf Lieferung der Ausstellungsst\u00fccke, es sei denn, dass bei<br>Vertragsabschluss eine anderweitige Vereinbarung erfolgt ist.<\/li>\n\n\n\n<li>Es k\u00f6nnen an die bestellten Waren qualitativ Anspr\u00fcche nur in einer H\u00f6he gestellt werden, wie sie billigerweise oder handels\u00fcblich bei Waren in der Preislage der bestellten gestellt werden k\u00f6nnen.<\/li>\n\n\n\n<li>Handels\u00fcbliche und f\u00fcr den K\u00e4ufer zumutbare Farb- und Maserungsabweichungen<br>bei Holzoberfl\u00e4chen bleiben vorbehalten.<\/li>\n\n\n\n<li>Ebenso bleiben handels\u00fcbliche und f\u00fcr den K\u00e4ufer zumutbare Abweichungen bei Leder und Textilien (z. B. M\u00f6bel- und Dekorationsstoffen) vorbehalten hinsichtlich geringf\u00fcgiger Abweichungen in der Ausf\u00fchrung gegen\u00fcber Leder- und Stoffmustern, insbesondere im Farbton.<\/li>\n\n\n\n<li>Auch handels\u00fcbliche und f\u00fcr den K\u00e4ufer zumutbare Abweichungen von Ma\u00dfdaten<br>bleiben vorbehalten.<\/li>\n<\/ol>\n\n\n\n<p id=\"block-3686bba0-c9d6-40be-878c-377f0afe89ba\"><strong>IV. Montage<\/strong><\/p>\n\n\n\n<ol class=\"wp-block-list\" id=\"block-3d5d3253-52b5-48f8-b88a-c0ab9b8cbbc4\">\n<li>Der K\u00e4ufer hat den Verk\u00e4ufer hinsichtlich der Montage \u00fcber ihm bekannte Besonderheiten der baulichen Beschaffenheit des Montageortes zu unterrichten. Hat der Verk\u00e4ufer hinsichtlich der Montage aufzuh\u00e4ngender Einrichtungsgegenst\u00e4nde Bedenken<br>wegen der Eignung der W\u00e4nde, so wird er dies dem K\u00e4ufer vor der Montage mitzuteilen.<\/li>\n\n\n\n<li>Die Mitarbeiter des Verk\u00e4ufers sind nicht befugt, Arbeiten auszuf\u00fchren, die \u00fcber die vertragsgegenst\u00e4ndlichen Leistungsverpflichtungen des Verk\u00e4ufers hinausgehen. Werden dennoch solche Arbeiten auf Verlangen des K\u00e4ufers von den Mitarbeitern des Verk\u00e4ufers ausgef\u00fchrt, ber\u00fchrt dies nicht das Vertragsverh\u00e4ltnis zwischen Verk\u00e4ufer und K\u00e4ufer.<\/li>\n<\/ol>\n\n\n\n<p id=\"block-6556694a-20c2-46e6-955e-5eabb0660ac5\"><strong>V. Lieferfrist<\/strong><\/p>\n\n\n\n<ol class=\"wp-block-list\" id=\"block-49e0b443-05cd-40d0-b3c6-396d2351d0f4\">\n<li>Falls der Verk\u00e4ufer die vereinbarte Lieferfrist nicht einhalten kann, hat der K\u00e4ufer eine angemessene Nachlieferfrist &#8211; beginnend vom Tage des Eingangs der schriftlichen Inverzugsetzung durch den K\u00e4ufer, oder im Fall kalenderm\u00e4\u00dfig bestimmter Lieferfrist mit deren Ablauf &#8211; zu gew\u00e4hren. Liefert der Verk\u00e4ufer bis zum Ablauf der gesetzten<br>Nachlieferfrist nicht, kann der K\u00e4ufer vom Vertrag zur\u00fccktreten.<\/li>\n\n\n\n<li>Vom Verk\u00e4ufer nicht zu vertretende St\u00f6rungen im Gesch\u00e4ftsbetrieb des Verk\u00e4ufers oder bei dessen Vorlieferanten, insbesondere Arbeitsausst\u00e4nde und rechtm\u00e4\u00dfige Aussperrungen sowie F\u00e4lle h\u00f6herer Gewalt, die auf einem unvorhersehbaren und unverschuldeten Ereignis beruhen, verl\u00e4ngern die Lieferzeit entsprechend. Zum R\u00fccktritt ist der K\u00e4ufer nur berechtigt, wenn er in diesen F\u00e4llen nach Ablauf der vereinbarten Lieferfrist die Lieferung schriftlich anmahnt und diese dann nicht innerhalb einer zu setzenden angemessenen Nachfrist nach Eingang des Mahnschreibens des K\u00e4ufers beim Verk\u00e4ufer an den K\u00e4ufer erfolgt. Im Falle kalenderm\u00e4\u00dfig bestimmter Lieferfrist beginnt mit deren Ablauf die zu setzende Nachfrist.<\/li>\n\n\n\n<li>Die gesetzlichen Bestimmungen zum Schadenersatz statt der Leistung bleiben<br>unber\u00fchrt.<\/li>\n<\/ol>\n\n\n\n<p id=\"block-3233e90e-e516-4064-b3b1-1f07648c668f\"><strong>VI. Eigentumsvorbehalt<\/strong><\/p>\n\n\n\n<ol class=\"wp-block-list\" id=\"block-b36d8613-4763-41fc-ba72-661bdd5bf7b1\">\n<li>Die Ware bleibt bis zur vollst\u00e4ndigen Erf\u00fcllung aller Verbindlichkeiten aus dem Vertragsverh\u00e4ltnis Eigentum des Verk\u00e4ufers.<\/li>\n\n\n\n<li>Der K\u00e4ufer verpflichtet sich, das Eigentum des Verk\u00e4ufers auch dann entsprechend zu wahren, wenn die gelieferten Waren nicht unmittelbar f\u00fcr den K\u00e4ufer, sondern f\u00fcr Dritte bestimmt sind, und hat den Empf\u00e4nger auf diesen Eigentumsvorbehalt ausdr\u00fccklich hinzuweisen.<\/li>\n\n\n\n<li>Jeder Standortwechsel und Eingriffe Dritter, insbesondere Pf\u00e4ndungen, sind dem<br>Verk\u00e4ufer unverz\u00fcglich schriftlich mitzuteilen, bei Pf\u00e4ndungen unter Beif\u00fcgung des Pf\u00e4ndungsprotokolls.<\/li>\n\n\n\n<li>Im Fall der Nichteinhaltung der in den Ziffern 2. und 3. festgelegten Verpflichtungen des K\u00e4ufers hat der Verk\u00e4ufer unbeschadet weiter gehender Anspr\u00fcche oder Rechte das Recht, vom Vertrag zur\u00fcckzutreten und die Ware heraus zu verlangen.<\/li>\n<\/ol>\n\n\n\n<p id=\"block-a697a50b-933d-4d75-a176-7b88296c8573\"><strong>VII. R\u00fccktritt<\/strong><\/p>\n\n\n\n<ol class=\"wp-block-list\" id=\"block-f9661fc5-e2e5-4181-be39-76294b44ce33\">\n<li>Der Vertragsschluss steht unter dem Vorbehalt der Selbstbelieferung. Der Verk\u00e4ufer braucht nicht zu liefern, wenn die Produktion oder Auslieferung der bestellten Ware durch der Hersteller oder Vorlieferer eingestellt ist sowie bei Vorliegen h\u00f6herer Gewalt, sofern diese Umst\u00e4nde erst nach Vertragsabschluss eingetreten oder bekannt<br>geworden sind, zum Zeitpunkt des Vertragsabschlusses nicht vorhersehbar waren und der Verk\u00e4ufer die Nichtbelieferung nicht zu vertreten hat und er ferner nachweist, sich vergeblich um Beschaffung gleichartiger Ware bem\u00fcht zu haben. \u00dcber die genannten Umst\u00e4nde hat der Verk\u00e4ufer den K\u00e4ufer zu benachrichtigen und ihm die erbrachten Gegenleistungen zu erstatten.<\/li>\n<\/ol>\n\n\n\n<ol class=\"wp-block-list\" start=\"2\" id=\"block-b65c93f4-e6b3-4d03-9617-8a401657541d\">\n<li>Der Verk\u00e4ufer ist zum R\u00fccktritt berechtigt, wenn der K\u00e4ufer \u00fcber die f\u00fcr seine Kreditw\u00fcrdigkeit wesentlichen Tatsachen unrichtige Angaben gemacht hat, die den Leistungsanspruch des Verk\u00e4ufers in begr\u00fcndeter Weise zu gef\u00e4hrden geeignet sind. Gleiches gilt, wenn der K\u00e4ufer wegen objektiver Zahlungsunf\u00e4higkeit seine Zahlungen einstellt oder \u00fcber sein Verm\u00f6gen ein Insolvenzverfahren beantragt wurde. F\u00fcr die<br>Warenr\u00fccknahme gilt. Ziff. X dieser Bedingungen.<\/li>\n<\/ol>\n\n\n\n<p id=\"block-eb5b2031-b3dc-472e-a5c6-3a911d77dfe3\"><strong>VIII. Gew\u00e4hrleistung<\/strong><\/p>\n\n\n\n<ol class=\"wp-block-list\" start=\"1\" id=\"block-e3917c29-3715-497a-b400-e94f760d3ba3\">\n<li>Dem K\u00e4ufer steht zur Behebung eines Mangels zun\u00e4chst das Recht auf Nacherf\u00fcllung zu, wobei er das Wahlrecht zwischen Mangelbeseitigung (Nachbesserung) oder Ersatzlieferung einer mangelfreien Ware hat.<\/li>\n\n\n\n<li>Der Verk\u00e4ufer kann die Nachbesserung bzw. Ersatzlieferung verweigern, wenn sie nur<br>mit unverh\u00e4ltnism\u00e4\u00dfigen Kosten m\u00f6glich ist und die andere Art der Nacherf\u00fcllung ohne erhebliche Nachteile f\u00fcr den K\u00e4ufer bleibt.<\/li>\n\n\n\n<li>Der K\u00e4ufer kann vom Vertrag zur\u00fccktreten oder die Herabsetzung des Kaufpreises verlangen, wenn die Nacherf\u00fcllung fehlgeschlagen ist oder nicht in angemessener Frist erbracht wurde oder vom Verk\u00e4ufer endg\u00fcltig verweigert wurde.<\/li>\n\n\n\n<li>W\u00e4hlt der K\u00e4ufer nach Ziff. 3 den R\u00fccktritt, so hat er die mangelhafte Ware zur\u00fcck zu gew\u00e4hren und Wertersatz f\u00fcr die gezogenen Nutzungen zu leisten. F\u00fcr die Wertermittlung kommt es auf die zeitanteilige lineare Wertminderung im Vergleich zwischen tats\u00e4chlicher Gebrauchsdauer und voraussichtlicher Gesamtnutzungsdauer an.<\/li>\n\n\n\n<li>Die Gew\u00e4hrleistung erstreckt sich nicht auf solche Sch\u00e4den, die der K\u00e4ufer zu vertreten hat, wie z. B. Sch\u00e4den, die beim K\u00e4ufer durch nat\u00fcrliche Abnutzung, Feuchtigkeit, starke Erw\u00e4rmung der R\u00e4ume, intensive Bestrahlung mit Sonnen- oder Kunstlicht, sonstige Temperatur- oder Witterungseinfl\u00fcsse oder unsachgem\u00e4\u00dfe Behandlung entstanden sind.<\/li>\n<\/ol>\n\n\n\n<p id=\"block-45a32e26-b0ff-497a-9c64-8e3a2f72154d\"><strong>IX. Schadensersatzanspr\u00fcche<\/strong><\/p>\n\n\n\n<ol class=\"wp-block-list\" start=\"1\" id=\"block-dcd8d5a0-48fe-4680-8920-c02c7150bbf2\">\n<li>F\u00fcr Sch\u00e4den des Bestellers, die er durch Verschulden des Lieferers infolge unterlasse-<br>ner oder fehlerhafter Ausf\u00fchrung von vor oder nach Vertragsschluss erfolgten Vorschl\u00e4gen und Beratungen oder durch die Verletzung anderer vertraglicher Nebenverpflichtungen &#8211; insbesondere Anleitung f\u00fcr Bedienung und Pflege des Liefergegenstandes \u2013 oder M\u00e4ngeln des Liefergegenstandes erleidet, haftet der Lieferant ausschlie\u00dflich nach Absatz 2.<\/li>\n\n\n\n<li>F\u00fcr Sch\u00e4den, die nicht am Liefergegenstand selbst entstanden sind, haftet der Lieferer<\/li>\n<\/ol>\n\n\n\n<ul class=\"wp-block-list\" id=\"block-cf72103b-4127-4a07-96bc-f508c7ea541b\">\n<li>aus welchen Rechtsgr\u00fcnden auch immer &#8211; nur<br>a. bei Vorsatz,<br>b. bei grober Fahrl\u00e4ssigkeit der Organe oder leitender Angestellter,<br>c. bei schuldhafter Verletzung von Leben, K\u00f6rper, Gesundheit,<br>d. bei M\u00e4ngeln, die er arglistig verschwiegen oder deren Abwesenheit er garantiert hat,<br>e. bei M\u00e4ngeln des Liefergegenstandes, soweit nach Produkthaftungsgesetz f\u00fcr Personen- oder Sachsch\u00e4den an privat genutzten Gegenst\u00e4nden gehaftet wird. Bei schuldhafter Verletzung wesentlicher Vertragspflichten haftet der Lieferer auch bei grober Fahrl\u00e4ssigkeit nicht leitender Angestellter und bei leichter Fahrl\u00e4ssigkeit; in letzterem Fall begrenzt auf den vertragstypischen, vern\u00fcnftigerweise vorhersehbaren Schaden.<\/li>\n<\/ul>\n\n\n\n<p id=\"block-16c4c83e-9cb6-43ed-8213-e72eebdc7e6f\"><strong>X. Gesamthaftung<\/strong><\/p>\n\n\n\n<ol class=\"wp-block-list\" start=\"1\" id=\"block-8b59f410-4b14-4aec-b73d-77883ca7d490\">\n<li>Eine weitergehende Haftung auf Schadensersatz als in Abschnitt VI vorgesehen, ist \u2013 ohne R\u00fccksicht auf die Rechtsnatur des geltend gemachten Anspruchs \u2013 ausgeschlossen.<\/li>\n\n\n\n<li>Soweit die Schadensersatzhaftung dem Lieferanten gegen\u00fcber ausgeschlossen oder<br>eingeschr\u00e4nkt ist, gilt dies auch im Hinblick auf die pers\u00f6nliche Schadensersatzhaftung<br>der Erf\u00fcllungsgehilfen.<\/li>\n<\/ol>\n","protected":false},"excerpt":{"rendered":"<p>S o p h i s t i c a t e d L i v i n g G m b HAmalienbadstra\u00dfe 41 7 6 2 2 7 K [&hellip;]<\/p>\n","protected":false},"author":1,"featured_media":0,"parent":0,"menu_order":0,"comment_status":"closed","ping_status":"closed","template":"","meta":{"inline_featured_image":false,"_sitemap_exclude":false,"_sitemap_priority":"","_sitemap_frequency":"","footnotes":""},"class_list":["post-1247","page","type-page","status-publish","hentry"],"jetpack_sharing_enabled":true,"_links":{"self":[{"href":"https:\/\/www.lager-sales.de\/index.php\/wp-json\/wp\/v2\/pages\/1247","targetHints":{"allow":["GET"]}}],"collection":[{"href":"https:\/\/www.lager-sales.de\/index.php\/wp-json\/wp\/v2\/pages"}],"about":[{"href":"https:\/\/www.lager-sales.de\/index.php\/wp-json\/wp\/v2\/types\/page"}],"author":[{"embeddable":true,"href":"https:\/\/www.lager-sales.de\/index.php\/wp-json\/wp\/v2\/users\/1"}],"replies":[{"embeddable":true,"href":"https:\/\/www.lager-sales.de\/index.php\/wp-json\/wp\/v2\/comments?post=1247"}],"version-history":[{"count":6,"href":"https:\/\/www.lager-sales.de\/index.php\/wp-json\/wp\/v2\/pages\/1247\/revisions"}],"predecessor-version":[{"id":1255,"href":"https:\/\/www.lager-sales.de\/index.php\/wp-json\/wp\/v2\/pages\/1247\/revisions\/1255"}],"wp:attachment":[{"href":"https:\/\/www.lager-sales.de\/index.php\/wp-json\/wp\/v2\/media?parent=1247"}],"curies":[{"name":"wp","href":"https:\/\/api.w.org\/{rel}","templated":true}]}}