{"id":341,"date":"2023-09-19T15:29:55","date_gmt":"2023-09-19T13:29:55","guid":{"rendered":"https:\/\/www.pixintel.eu\/?post_type=product&amp;p=341"},"modified":"2025-07-06T04:27:03","modified_gmt":"2025-07-06T04:27:03","slug":"mammalia","status":"publish","type":"product","link":"https:\/\/www.lager-sales.de\/index.php\/produkt\/mammalia\/","title":{"rendered":"Mam&#8217;malia"},"content":{"rendered":"\n<p>Sozusagen der gro\u00dfe Bruder des Solit\u00e4rsessels MALIA. Dem Sockel aus ge\u00f6lter, massiver Eiche sieht man seine Funktion nicht an. Er l\u00e4sst sich stufenlos und geschmeidig in beide Richtungen drehen. Die h\u00f6here R\u00fcckenlehne umarmt und sorgt f\u00fcr gem\u00fctliche Stunden. Auch der passende rotierbare Hocker ist in der Serie erh\u00e4ltlich.<\/p>\n","protected":false},"excerpt":{"rendered":"<p>Sessel mit Drehfunktion<\/p>\n<p>Ma\u00dfe: D83*T97 inkl. Sockel (SH 47cm)<br \/>Preiskategorie: Stoff B<br \/>Bezug: Vogue 12 Pacific<br \/>Inkl. Kissen<\/p>\n","protected":false},"featured_media":994,"template":"","meta":{"inline_featured_image":false,"_sitemap_exclude":false,"_sitemap_priority":"","_sitemap_frequency":""},"pwb-brand":[],"product_brand":[],"product_cat":[18],"product_tag":[],"class_list":{"0":"post-341","1":"product","2":"type-product","3":"status-publish","4":"has-post-thumbnail","6":"product_cat-sessel","8":"first","9":"instock","10":"sale","11":"sold-individually","12":"shipping-taxable","13":"purchasable","14":"product-type-simple"},"jetpack_sharing_enabled":true,"brands":[],"_links":{"self":[{"href":"https:\/\/www.lager-sales.de\/index.php\/wp-json\/wp\/v2\/product\/341","targetHints":{"allow":["GET"]}}],"collection":[{"href":"https:\/\/www.lager-sales.de\/index.php\/wp-json\/wp\/v2\/product"}],"about":[{"href":"https:\/\/www.lager-sales.de\/index.php\/wp-json\/wp\/v2\/types\/product"}],"wp:featuredmedia":[{"embeddable":true,"href":"https:\/\/www.lager-sales.de\/index.php\/wp-json\/wp\/v2\/media\/994"}],"wp:attachment":[{"href":"https:\/\/www.lager-sales.de\/index.php\/wp-json\/wp\/v2\/media?parent=341"}],"wp:term":[{"taxonomy":"pwb-brand","embeddable":true,"href":"https:\/\/www.lager-sales.de\/index.php\/wp-json\/wp\/v2\/pwb-brand?post=341"},{"taxonomy":"product_brand","embeddable":true,"href":"https:\/\/www.lager-sales.de\/index.php\/wp-json\/wp\/v2\/product_brand?post=341"},{"taxonomy":"product_cat","embeddable":true,"href":"https:\/\/www.lager-sales.de\/index.php\/wp-json\/wp\/v2\/product_cat?post=341"},{"taxonomy":"product_tag","embeddable":true,"href":"https:\/\/www.lager-sales.de\/index.php\/wp-json\/wp\/v2\/product_tag?post=341"}],"curies":[{"name":"wp","href":"https:\/\/api.w.org\/{rel}","templated":true}]}}