{"id":425,"date":"2023-09-21T11:50:22","date_gmt":"2023-09-21T09:50:22","guid":{"rendered":"https:\/\/www.pixintel.eu\/?post_type=product&amp;p=425"},"modified":"2025-07-06T04:27:03","modified_gmt":"2025-07-06T04:27:03","slug":"keala","status":"publish","type":"product","link":"https:\/\/www.lager-sales.de\/index.php\/produkt\/keala\/","title":{"rendered":"Keala"},"content":{"rendered":"\n<h2 class=\"wp-block-heading\">INSPIRATION IN FORM GEBRACHT<\/h2>\n\n\n\n<p>Mit KEALA hat die Innenarchitektin und Designerin Saskia Thomas ein innovatives M\u00f6bel kreiert, das eine ungew\u00f6hnliche Formgebung &amp; unnachahmliches Sitzgef\u00fchl vereint. Spannend ist die Kombination aus schmalen Armlehnen, volumigem, hohem R\u00fccken und an orientalische Bodenkissen erinnernde Sitzpolster.<br><br>Diese Designserie tr\u00e4gt den Namen der Weltklasse-Surferin, der sie inspiriert hat. Keala Kennelly (geb. 13. August 1978) ist eine professionelle Surferin, DJ und Schauspielerin aus Kauai, Hawaii. Nachdem Kennelly ein Jahrzehnt unter den Top 10 der ASP World Championship Tour (WCT) verbracht hatte, macht sie seit 2007 eine Pause von der Tour.<\/p>\n","protected":false},"excerpt":{"rendered":"<p>Sofalandschaft<\/p>\n<p>Konfiguration: Loveseat AL links, Loveseat ohne AL, Eckelement, Loveseat AL rechts<br \/>Ma\u00dfe (cm): B361x251xH81 inkl. Fu\u00df (SH 45)<br \/>Preiskategorie: Stoff A<br \/>Bezug: Fiesta 17 concrete<br \/>Fu\u00df: Holz \/ dunkelbraun \/ 6cm<\/p>\n<p>Anmerkungen: F\u00fc\u00dfe zur\u00fcckversetzt, Sitz- und R\u00fcckenkissen abziehbar. Inkl. Vorstellkissen ohne Dekokissen!<\/p>\n","protected":false},"featured_media":427,"template":"","meta":{"inline_featured_image":false,"_sitemap_exclude":false,"_sitemap_priority":"","_sitemap_frequency":""},"pwb-brand":[],"product_brand":[],"product_cat":[23],"product_tag":[],"class_list":{"0":"post-425","1":"product","2":"type-product","3":"status-publish","4":"has-post-thumbnail","6":"product_cat-sofa","8":"first","9":"instock","10":"sale","11":"sold-individually","12":"shipping-taxable","13":"purchasable","14":"product-type-simple"},"jetpack_sharing_enabled":true,"brands":[],"_links":{"self":[{"href":"https:\/\/www.lager-sales.de\/index.php\/wp-json\/wp\/v2\/product\/425","targetHints":{"allow":["GET"]}}],"collection":[{"href":"https:\/\/www.lager-sales.de\/index.php\/wp-json\/wp\/v2\/product"}],"about":[{"href":"https:\/\/www.lager-sales.de\/index.php\/wp-json\/wp\/v2\/types\/product"}],"wp:featuredmedia":[{"embeddable":true,"href":"https:\/\/www.lager-sales.de\/index.php\/wp-json\/wp\/v2\/media\/427"}],"wp:attachment":[{"href":"https:\/\/www.lager-sales.de\/index.php\/wp-json\/wp\/v2\/media?parent=425"}],"wp:term":[{"taxonomy":"pwb-brand","embeddable":true,"href":"https:\/\/www.lager-sales.de\/index.php\/wp-json\/wp\/v2\/pwb-brand?post=425"},{"taxonomy":"product_brand","embeddable":true,"href":"https:\/\/www.lager-sales.de\/index.php\/wp-json\/wp\/v2\/product_brand?post=425"},{"taxonomy":"product_cat","embeddable":true,"href":"https:\/\/www.lager-sales.de\/index.php\/wp-json\/wp\/v2\/product_cat?post=425"},{"taxonomy":"product_tag","embeddable":true,"href":"https:\/\/www.lager-sales.de\/index.php\/wp-json\/wp\/v2\/product_tag?post=425"}],"curies":[{"name":"wp","href":"https:\/\/api.w.org\/{rel}","templated":true}]}}