{"id":466,"date":"2023-09-22T16:43:30","date_gmt":"2023-09-22T14:43:30","guid":{"rendered":"https:\/\/www.pixintel.eu\/?post_type=product&amp;p=466"},"modified":"2026-03-09T08:40:01","modified_gmt":"2026-03-09T08:40:01","slug":"keala-light","status":"publish","type":"product","link":"https:\/\/www.lager-sales.de\/index.php\/produkt\/keala-light\/","title":{"rendered":"Keala light"},"content":{"rendered":"\n<h2 class=\"wp-block-heading\"><strong>Keala<\/strong> Light Version<\/h2>\n\n\n\n<h3 class=\"wp-block-heading\">Familienzuwachs: diese Sofaserie erg\u00e4nzt die KEALA Kollektion mit gleichbleibendem Gem\u00fctlichkeitsfaktor bei geringerer Sitztiefe. Komfortabel Platz nehmen und dennoch nicht auf den gem\u00fctlichen Loungecharakter verzichten.<\/h3>\n\n\n\n<p>Keala Kennelly (geb. 13. August 1978) ist eine professionelle Surferin, DJ und Schauspielerin aus Kauai, Hawaii. Nachdem Kennelly ein Jahrzehnt in den Top 10 der ASP World Championship Tour (WCT) verbracht hatte, machte sie 2007 eine Pause von der Tour, um ihre Leidenschaften f\u00fcr Schauspiel und Musik zu erkunden, einschlie\u00dflich einer wiederkehrenden Rolle als Surferin in der Serie John from 2007 Cincinnati. Sie legt weiterhin auf und tritt als Big-Wave-Surferin an.<\/p>\n","protected":false},"excerpt":{"rendered":"<p>Konfiguration: 3-Sitzer<br \/>Ma\u00dfe (cm): B198 x T112 x H81 inkl. Fu\u00df (SH 45)<br \/>Preiskategorie: Stoff C<br \/>Bezug: CA &#8211; Allure Velvet 1357\/085<br \/>Fu\u00df: Holz \/ dunkelbraun \/ 6cm<\/p>\n<p>Anmerkungen: Innenseite der AL Naht &amp; Mittelsteg d. Sitz.-<br \/>kissennaht in Stone Washed CH2559\/033<br \/>F\u00fc\u00dfe zur\u00fcckversetzt, Sitz- und R\u00fcckenkissen abziehbar. <br \/>Sofa ohne Kissen!<\/p>\n","protected":false},"featured_media":990,"template":"","meta":{"inline_featured_image":false,"_sitemap_exclude":false,"_sitemap_priority":"","_sitemap_frequency":""},"pwb-brand":[],"product_brand":[],"product_cat":[23],"product_tag":[],"class_list":{"0":"post-466","1":"product","2":"type-product","3":"status-publish","4":"has-post-thumbnail","6":"product_cat-sofa","8":"first","9":"outofstock","10":"sale","11":"sold-individually","12":"shipping-taxable","13":"purchasable","14":"product-type-simple"},"jetpack_sharing_enabled":true,"brands":[],"_links":{"self":[{"href":"https:\/\/www.lager-sales.de\/index.php\/wp-json\/wp\/v2\/product\/466","targetHints":{"allow":["GET"]}}],"collection":[{"href":"https:\/\/www.lager-sales.de\/index.php\/wp-json\/wp\/v2\/product"}],"about":[{"href":"https:\/\/www.lager-sales.de\/index.php\/wp-json\/wp\/v2\/types\/product"}],"wp:featuredmedia":[{"embeddable":true,"href":"https:\/\/www.lager-sales.de\/index.php\/wp-json\/wp\/v2\/media\/990"}],"wp:attachment":[{"href":"https:\/\/www.lager-sales.de\/index.php\/wp-json\/wp\/v2\/media?parent=466"}],"wp:term":[{"taxonomy":"pwb-brand","embeddable":true,"href":"https:\/\/www.lager-sales.de\/index.php\/wp-json\/wp\/v2\/pwb-brand?post=466"},{"taxonomy":"product_brand","embeddable":true,"href":"https:\/\/www.lager-sales.de\/index.php\/wp-json\/wp\/v2\/product_brand?post=466"},{"taxonomy":"product_cat","embeddable":true,"href":"https:\/\/www.lager-sales.de\/index.php\/wp-json\/wp\/v2\/product_cat?post=466"},{"taxonomy":"product_tag","embeddable":true,"href":"https:\/\/www.lager-sales.de\/index.php\/wp-json\/wp\/v2\/product_tag?post=466"}],"curies":[{"name":"wp","href":"https:\/\/api.w.org\/{rel}","templated":true}]}}