{"id":569,"date":"2023-09-28T11:48:20","date_gmt":"2023-09-28T09:48:20","guid":{"rendered":"https:\/\/www.sophisticated-living.ka-sale.de\/?post_type=product&amp;p=569"},"modified":"2025-07-06T04:27:04","modified_gmt":"2025-07-06T04:27:04","slug":"lanai","status":"publish","type":"product","link":"https:\/\/www.lager-sales.de\/index.php\/produkt\/lanai\/","title":{"rendered":"Lanai"},"content":{"rendered":"\n<h2 class=\"wp-block-heading\">TIEFENENTSPANNT \u2013 EXTRAVAGANT<\/h2>\n\n\n\n<p>Es gibt viele M\u00f6glichkeiten die Leichtigkeit des Seins in sein Zuhause zu holen. Dieses filigrane, leichtf\u00fc\u00dfige Polsterbett sorgt mit extravaganter Optik und besonderer Detailverarbeitung f\u00fcr eine Liegewiese mit besonders schlanker Silhouette. Der d\u00fcnne Rahmen und das dazu passende, zweigeteilte, grazile Kopfteil sind umlaufend mit einer farbig abgesetzten Doppelkeder versehen. Diese detailreiche Nahtverarbeitung legt einen besonderen Fokus auf die Konturlinien. Auf hohen F\u00fc\u00dfen findet Ihr Staubsaugroboter auch gen\u00fcgend Platz, um unter das Bett zu fahren.<br><br>L\u0101na\u02bbi ist eine der acht wichtigsten vulkanischen Hawaii-Inseln. In der hawaiianischen Sprache bedeutet der Name wahrscheinlich \u201eTageseroberung\u201c. Die Insel ist 29 km lang und bis zu 21 km breit. Die Fl\u00e4che betr\u00e4gt 364 km\u00b2. Die h\u00f6chste Erhebung ist der 1030 m hohe L\u0101na\u02bbihale im S\u00fcdosten der Insel<\/p>\n","protected":false},"excerpt":{"rendered":"<p>Boxspringbett<\/p>\n<p>Konfiguration: Boxspringbett <br \/>Ma\u00dfe (cm): B160 x L212 x H26 \/ Kopfteil 121cm inkl. Fu\u00df (Rahmen H\u00f6he 14cm Kopfteil: H\u00f6he 95cm)<br \/>Preiskategorie: Stoff D<br \/>Bezug: Ascendent CA 1610\/090<br \/>Fu\u00df: #12.146 \/ Metall \/ schwarz \/ 18cm<\/p>\n<p>Anmerkung: Kissenset ist im Preis nicht mit inbegriffen<\/p>\n","protected":false},"featured_media":991,"template":"","meta":{"inline_featured_image":false,"_sitemap_exclude":false,"_sitemap_priority":"","_sitemap_frequency":""},"pwb-brand":[],"product_brand":[],"product_cat":[20],"product_tag":[],"class_list":{"0":"post-569","1":"product","2":"type-product","3":"status-publish","4":"has-post-thumbnail","6":"product_cat-betten","8":"first","9":"instock","10":"sale","11":"sold-individually","12":"shipping-taxable","13":"purchasable","14":"product-type-simple"},"jetpack_sharing_enabled":true,"brands":[],"_links":{"self":[{"href":"https:\/\/www.lager-sales.de\/index.php\/wp-json\/wp\/v2\/product\/569","targetHints":{"allow":["GET"]}}],"collection":[{"href":"https:\/\/www.lager-sales.de\/index.php\/wp-json\/wp\/v2\/product"}],"about":[{"href":"https:\/\/www.lager-sales.de\/index.php\/wp-json\/wp\/v2\/types\/product"}],"wp:featuredmedia":[{"embeddable":true,"href":"https:\/\/www.lager-sales.de\/index.php\/wp-json\/wp\/v2\/media\/991"}],"wp:attachment":[{"href":"https:\/\/www.lager-sales.de\/index.php\/wp-json\/wp\/v2\/media?parent=569"}],"wp:term":[{"taxonomy":"pwb-brand","embeddable":true,"href":"https:\/\/www.lager-sales.de\/index.php\/wp-json\/wp\/v2\/pwb-brand?post=569"},{"taxonomy":"product_brand","embeddable":true,"href":"https:\/\/www.lager-sales.de\/index.php\/wp-json\/wp\/v2\/product_brand?post=569"},{"taxonomy":"product_cat","embeddable":true,"href":"https:\/\/www.lager-sales.de\/index.php\/wp-json\/wp\/v2\/product_cat?post=569"},{"taxonomy":"product_tag","embeddable":true,"href":"https:\/\/www.lager-sales.de\/index.php\/wp-json\/wp\/v2\/product_tag?post=569"}],"curies":[{"name":"wp","href":"https:\/\/api.w.org\/{rel}","templated":true}]}}