{"id":576,"date":"2023-09-28T11:56:11","date_gmt":"2023-09-28T09:56:11","guid":{"rendered":"https:\/\/www.sophisticated-living.ka-sale.de\/?post_type=product&amp;p=576"},"modified":"2025-07-06T04:27:03","modified_gmt":"2025-07-06T04:27:03","slug":"infinity-sessel","status":"publish","type":"product","link":"https:\/\/www.lager-sales.de\/index.php\/produkt\/infinity-sessel\/","title":{"rendered":"Infinity Sessel"},"content":{"rendered":"\n<p>Dieser Sessel erg\u00e4nzt die gleichnamige Polsterserie.<\/p>\n\n\n\n<p>Der Surfspot Pakala auf Kauai ist auch als INFINITY bekannt. Es ist der l\u00e4ngste linke Pointbreak und Sie m\u00fcssen ein einigerma\u00dfen erfahrener Surfer sein, um das Surfen dort genie\u00dfen zu k\u00f6nnen. Es bricht an einem Korallenriff, das sehr flach wird, wenn Sie die Welle ganz hineinreiten. Hier gibt es viele Haie und viele Einheimische. Der Name steht f\u00fcr die Welle, die mehrere hundert Meter weit brechen kann, wenn sie gro\u00df genug ist und die D\u00fcnung stimmt.<\/p>\n","protected":false},"excerpt":{"rendered":"<p>Konfiguration: Sessel<br \/>Ma\u00dfe (cm): B74 x L85 x H68 inkl. Fu\u00df (Sh 39cm)<br \/>Preiskategorie: Stoff C<br \/>Bezug: JAB St. Moritz 9-2551-080<br \/>Fu\u00df: #12.15 \/ Holzfu\u00df dunkelbraun gebeizt \/ 6cm<\/p>\n","protected":false},"featured_media":784,"template":"","meta":{"inline_featured_image":false,"_sitemap_exclude":false,"_sitemap_priority":"","_sitemap_frequency":""},"pwb-brand":[],"product_brand":[],"product_cat":[18],"product_tag":[],"class_list":{"0":"post-576","1":"product","2":"type-product","3":"status-publish","4":"has-post-thumbnail","6":"product_cat-sessel","8":"first","9":"instock","10":"sale","11":"sold-individually","12":"shipping-taxable","13":"purchasable","14":"product-type-simple"},"jetpack_sharing_enabled":true,"brands":[],"_links":{"self":[{"href":"https:\/\/www.lager-sales.de\/index.php\/wp-json\/wp\/v2\/product\/576","targetHints":{"allow":["GET"]}}],"collection":[{"href":"https:\/\/www.lager-sales.de\/index.php\/wp-json\/wp\/v2\/product"}],"about":[{"href":"https:\/\/www.lager-sales.de\/index.php\/wp-json\/wp\/v2\/types\/product"}],"wp:featuredmedia":[{"embeddable":true,"href":"https:\/\/www.lager-sales.de\/index.php\/wp-json\/wp\/v2\/media\/784"}],"wp:attachment":[{"href":"https:\/\/www.lager-sales.de\/index.php\/wp-json\/wp\/v2\/media?parent=576"}],"wp:term":[{"taxonomy":"pwb-brand","embeddable":true,"href":"https:\/\/www.lager-sales.de\/index.php\/wp-json\/wp\/v2\/pwb-brand?post=576"},{"taxonomy":"product_brand","embeddable":true,"href":"https:\/\/www.lager-sales.de\/index.php\/wp-json\/wp\/v2\/product_brand?post=576"},{"taxonomy":"product_cat","embeddable":true,"href":"https:\/\/www.lager-sales.de\/index.php\/wp-json\/wp\/v2\/product_cat?post=576"},{"taxonomy":"product_tag","embeddable":true,"href":"https:\/\/www.lager-sales.de\/index.php\/wp-json\/wp\/v2\/product_tag?post=576"}],"curies":[{"name":"wp","href":"https:\/\/api.w.org\/{rel}","templated":true}]}}