{"id":585,"date":"2023-09-28T12:21:09","date_gmt":"2023-09-28T10:21:09","guid":{"rendered":"https:\/\/www.sophisticated-living.ka-sale.de\/?post_type=product&amp;p=585"},"modified":"2025-07-06T04:27:03","modified_gmt":"2025-07-06T04:27:03","slug":"serenity-malibu","status":"publish","type":"product","link":"https:\/\/www.lager-sales.de\/index.php\/produkt\/serenity-malibu\/","title":{"rendered":"Serenity Malibu"},"content":{"rendered":"\n<p>Die elegant geformte Silhouette zeigt einen starken, eigenen Charakter, gleichzeitig aber auch sehr viel Sinnlichkeit, die einen zu Umarmen scheint. Die weichen, abgerundeten Seiten und die bauchige Form laden zum Entspannen ein. Durch seine schlanken Au\u00dfenma\u00dfe nimmt er nur wenig Raum ein. Die kompakte Gr\u00f6\u00dfe macht ihn zum idealen Blickfang in der kleinen Stadtwohnung oder der Hotellobby.<\/p>\n","protected":false},"excerpt":{"rendered":"<p>Konfiguration: 2-Sitzer<br \/>Ma\u00dfe (cm): B160 x T68 x H70 inkl. Fu\u00df (SH 42)<br \/>Preiskategorie: Stoff D<br \/>Bezug: Malibu Beach 9-2488-050<br \/>Fu\u00df: #12.19 \/ Aluminium \/ 17cm<\/p>\n","protected":false},"featured_media":998,"template":"","meta":{"inline_featured_image":false,"_sitemap_exclude":false,"_sitemap_priority":"","_sitemap_frequency":""},"pwb-brand":[],"product_brand":[],"product_cat":[23],"product_tag":[],"class_list":{"0":"post-585","1":"product","2":"type-product","3":"status-publish","4":"has-post-thumbnail","6":"product_cat-sofa","8":"first","9":"instock","10":"sale","11":"sold-individually","12":"shipping-taxable","13":"purchasable","14":"product-type-simple"},"jetpack_sharing_enabled":true,"brands":[],"_links":{"self":[{"href":"https:\/\/www.lager-sales.de\/index.php\/wp-json\/wp\/v2\/product\/585","targetHints":{"allow":["GET"]}}],"collection":[{"href":"https:\/\/www.lager-sales.de\/index.php\/wp-json\/wp\/v2\/product"}],"about":[{"href":"https:\/\/www.lager-sales.de\/index.php\/wp-json\/wp\/v2\/types\/product"}],"wp:featuredmedia":[{"embeddable":true,"href":"https:\/\/www.lager-sales.de\/index.php\/wp-json\/wp\/v2\/media\/998"}],"wp:attachment":[{"href":"https:\/\/www.lager-sales.de\/index.php\/wp-json\/wp\/v2\/media?parent=585"}],"wp:term":[{"taxonomy":"pwb-brand","embeddable":true,"href":"https:\/\/www.lager-sales.de\/index.php\/wp-json\/wp\/v2\/pwb-brand?post=585"},{"taxonomy":"product_brand","embeddable":true,"href":"https:\/\/www.lager-sales.de\/index.php\/wp-json\/wp\/v2\/product_brand?post=585"},{"taxonomy":"product_cat","embeddable":true,"href":"https:\/\/www.lager-sales.de\/index.php\/wp-json\/wp\/v2\/product_cat?post=585"},{"taxonomy":"product_tag","embeddable":true,"href":"https:\/\/www.lager-sales.de\/index.php\/wp-json\/wp\/v2\/product_tag?post=585"}],"curies":[{"name":"wp","href":"https:\/\/api.w.org\/{rel}","templated":true}]}}